{"id":2706,"date":"2024-05-10T17:49:39","date_gmt":"2024-05-10T17:49:39","guid":{"rendered":"https:\/\/aretepractice.com\/acerca-de\/"},"modified":"2024-12-19T19:05:24","modified_gmt":"2024-12-19T19:05:24","slug":"acerca-de","status":"publish","type":"page","link":"https:\/\/aretepractice.com\/es\/acerca-de\/","title":{"rendered":"Acerca de"},"content":{"rendered":"\t\t<div data-elementor-type=\"wp-page\" data-elementor-id=\"2706\" class=\"elementor elementor-2706 elementor-33\" data-elementor-post-type=\"page\">\n\t\t\t\t<div class=\"elementor-element elementor-element-9ee620f e-flex e-con-boxed e-con e-parent\" data-id=\"9ee620f\" data-element_type=\"container\" data-e-type=\"container\">\n\t\t\t\t\t<div class=\"e-con-inner\">\n\t\t<div class=\"elementor-element elementor-element-8d0854e e-con-full e-flex e-con e-child\" data-id=\"8d0854e\" data-element_type=\"container\" data-e-type=\"container\">\n\t\t\t\t<div class=\"elementor-element elementor-element-e2cb5c2 elementor-widget elementor-widget-heading\" data-id=\"e2cb5c2\" data-element_type=\"widget\" data-e-type=\"widget\" data-widget_type=\"heading.default\">\n\t\t\t\t<div class=\"elementor-widget-container\">\n\t\t\t\t\t<h2 class=\"elementor-heading-title elementor-size-default\">Nuestro objetivo <\/h2>\t\t\t\t<\/div>\n\t\t\t\t<\/div>\n\t\t\t\t<div class=\"elementor-element elementor-element-ed900ac elementor-widget elementor-widget-text-editor\" data-id=\"ed900ac\" data-element_type=\"widget\" data-e-type=\"widget\" data-widget_type=\"text-editor.default\">\n\t\t\t\t<div class=\"elementor-widget-container\">\n\t\t\t\t\t\t\t\t\t<p>El prop\u00f3sito de esta plataforma es crear un espacio acogedor donde los practicantes de yoga de todos los niveles puedan acceder a informaci\u00f3n precisa y completa sobre yoga. Busca proporcionar un entorno seguro para que las personas exploren los conceptos del yoga, los integren en sus vidas diarias y se conecten profundamente con su maestro interior. <\/p>\n\t\t\t\t\t\t\t\t<\/div>\n\t\t\t\t<\/div>\n\t\t\t\t<\/div>\n\t\t<div class=\"elementor-element elementor-element-86df075 e-con-full e-flex e-con e-child\" data-id=\"86df075\" data-element_type=\"container\" data-e-type=\"container\">\n\t\t\t\t<div class=\"elementor-element elementor-element-00779ef elementor-widget__width-initial elementor-widget elementor-widget-image\" data-id=\"00779ef\" data-element_type=\"widget\" data-e-type=\"widget\" data-widget_type=\"image.default\">\n\t\t\t\t<div class=\"elementor-widget-container\">\n\t\t\t\t\t\t\t\t\t\t\t\t\t\t\t<img fetchpriority=\"high\" decoding=\"async\" width=\"800\" height=\"800\" src=\"https:\/\/aretepractice.com\/wp-content\/uploads\/2024\/05\/Untitled-design-7-1024x1024.webp\" class=\"attachment-large size-large wp-image-2403\" alt=\"\" srcset=\"https:\/\/aretepractice.com\/wp-content\/uploads\/2024\/05\/Untitled-design-7-1024x1024.webp 1024w, https:\/\/aretepractice.com\/wp-content\/uploads\/2024\/05\/Untitled-design-7-300x300.webp 300w, https:\/\/aretepractice.com\/wp-content\/uploads\/2024\/05\/Untitled-design-7-100x100.webp 100w, https:\/\/aretepractice.com\/wp-content\/uploads\/2024\/05\/Untitled-design-7-600x600.webp 600w, https:\/\/aretepractice.com\/wp-content\/uploads\/2024\/05\/Untitled-design-7-150x150.webp 150w, https:\/\/aretepractice.com\/wp-content\/uploads\/2024\/05\/Untitled-design-7-768x768.webp 768w, https:\/\/aretepractice.com\/wp-content\/uploads\/2024\/05\/Untitled-design-7.webp 1080w\" sizes=\"(max-width: 800px) 100vw, 800px\" \/>\t\t\t\t\t\t\t\t\t\t\t\t\t\t\t<\/div>\n\t\t\t\t<\/div>\n\t\t\t\t<\/div>\n\t\t\t\t\t<\/div>\n\t\t\t\t<\/div>\n\t\t<div class=\"elementor-element elementor-element-d35ddd3 e-flex e-con-boxed e-con e-parent\" data-id=\"d35ddd3\" data-element_type=\"container\" data-e-type=\"container\">\n\t\t\t\t\t<div class=\"e-con-inner\">\n\t\t<div class=\"elementor-element elementor-element-68861d5 e-con-full e-flex e-con e-child\" data-id=\"68861d5\" data-element_type=\"container\" data-e-type=\"container\">\n\t\t\t\t<div class=\"elementor-element elementor-element-29a4601 elementor-widget elementor-widget-heading\" data-id=\"29a4601\" data-element_type=\"widget\" data-e-type=\"widget\" data-widget_type=\"heading.default\">\n\t\t\t\t<div class=\"elementor-widget-container\">\n\t\t\t\t\t<h2 class=\"elementor-heading-title elementor-size-default\">Nuestra misi\u00f3n <\/h2>\t\t\t\t<\/div>\n\t\t\t\t<\/div>\n\t\t\t\t<div class=\"elementor-element elementor-element-1d60b1c elementor-widget elementor-widget-text-editor\" data-id=\"1d60b1c\" data-element_type=\"widget\" data-e-type=\"widget\" data-widget_type=\"text-editor.default\">\n\t\t\t\t<div class=\"elementor-widget-container\">\n\t\t\t\t\t\t\t\t\t<p>Estamos en una misi\u00f3n para transformar la forma en que las personas interact\u00faan con el yoga. Nuestra plataforma ofrece un compendio completo de conocimiento y una comunidad de apoyo para facilitar la exploraci\u00f3n e integraci\u00f3n de los conceptos del yoga en la vida diaria. Con\u00e9ctate profundamente con tu maestro interior, en cualquier lugar y en cualquier momento, en un espacio seguro y acogedor.  <\/p>\n\t\t\t\t\t\t\t\t<\/div>\n\t\t\t\t<\/div>\n\t\t\t\t<\/div>\n\t\t<div class=\"elementor-element elementor-element-6b4d9ba e-con-full e-flex e-con e-child\" data-id=\"6b4d9ba\" data-element_type=\"container\" data-e-type=\"container\">\n\t\t\t\t<div class=\"elementor-element elementor-element-fad8ffc elementor-widget elementor-widget-heading\" data-id=\"fad8ffc\" data-element_type=\"widget\" data-e-type=\"widget\" data-widget_type=\"heading.default\">\n\t\t\t\t<div class=\"elementor-widget-container\">\n\t\t\t\t\t<h2 class=\"elementor-heading-title elementor-size-default\">Nuestra visi\u00f3n <\/h2>\t\t\t\t<\/div>\n\t\t\t\t<\/div>\n\t\t\t\t<div class=\"elementor-element elementor-element-2222cab elementor-widget elementor-widget-text-editor\" data-id=\"2222cab\" data-element_type=\"widget\" data-e-type=\"widget\" data-widget_type=\"text-editor.default\">\n\t\t\t\t<div class=\"elementor-widget-container\">\n\t\t\t\t\t\t\t\t\t<p>Nuestra visi\u00f3n es construir una comunidad global de practicantes de yoga inspirados, apoyados y conectados, contribuyendo a un mundo donde cada individuo pueda acceder a los beneficios del yoga para su bienestar f\u00edsico, mental y espiritual, encarnando el esp\u00edritu de \u201cArete\".<\/p>\n\t\t\t\t\t\t\t\t<\/div>\n\t\t\t\t<\/div>\n\t\t\t\t<\/div>\n\t\t\t\t\t<\/div>\n\t\t\t\t<\/div>\n\t\t<div class=\"elementor-element elementor-element-bb053b1 e-flex e-con-boxed e-con e-parent\" data-id=\"bb053b1\" data-element_type=\"container\" data-e-type=\"container\">\n\t\t\t\t\t<div class=\"e-con-inner\">\n\t\t<div class=\"elementor-element elementor-element-2df3728 e-flex e-con-boxed e-con e-child\" data-id=\"2df3728\" data-element_type=\"container\" data-e-type=\"container\">\n\t\t\t\t\t<div class=\"e-con-inner\">\n\t\t\t\t<div class=\"elementor-element elementor-element-beb0af8 elementor-widget elementor-widget-heading\" data-id=\"beb0af8\" data-element_type=\"widget\" data-e-type=\"widget\" data-widget_type=\"heading.default\">\n\t\t\t\t<div class=\"elementor-widget-container\">\n\t\t\t\t\t<h2 class=\"elementor-heading-title elementor-size-default\">Nuestros valores<\/h2>\t\t\t\t<\/div>\n\t\t\t\t<\/div>\n\t\t\t\t\t<\/div>\n\t\t\t\t<\/div>\n\t\t\t\t\t<\/div>\n\t\t\t\t<\/div>\n\t\t<div class=\"elementor-element elementor-element-4664ae2 e-grid e-con-boxed e-con e-parent\" data-id=\"4664ae2\" data-element_type=\"container\" data-e-type=\"container\">\n\t\t\t\t\t<div class=\"e-con-inner\">\n\t\t\t\t<div class=\"elementor-element elementor-element-9b273d0 elementor-view-default elementor-position-block-start elementor-mobile-position-block-start elementor-widget elementor-widget-icon-box\" data-id=\"9b273d0\" data-element_type=\"widget\" data-e-type=\"widget\" data-widget_type=\"icon-box.default\">\n\t\t\t\t<div class=\"elementor-widget-container\">\n\t\t\t\t\t\t\t<div class=\"elementor-icon-box-wrapper\">\n\n\t\t\t\t\t\t<div class=\"elementor-icon-box-icon\">\n\t\t\t\t<span  class=\"elementor-icon\">\n\t\t\t\t<svg aria-hidden=\"true\" class=\"e-font-icon-svg e-fas-star\" viewBox=\"0 0 576 512\" xmlns=\"http:\/\/www.w3.org\/2000\/svg\"><path d=\"M259.3 17.8L194 150.2 47.9 171.5c-26.2 3.8-36.7 36.1-17.7 54.6l105.7 103-25 145.5c-4.5 26.3 23.2 46 46.4 33.7L288 439.6l130.7 68.7c23.2 12.2 50.9-7.4 46.4-33.7l-25-145.5 105.7-103c19-18.5 8.5-50.8-17.7-54.6L382 150.2 316.7 17.8c-11.7-23.6-45.6-23.9-57.4 0z\"><\/path><\/svg>\t\t\t\t<\/span>\n\t\t\t<\/div>\n\t\t\t\n\t\t\t\t\t\t<div class=\"elementor-icon-box-content\">\n\n\t\t\t\t\t\t\t\t\t<h4 class=\"elementor-icon-box-title\">\n\t\t\t\t\t\t<span  >\n\t\t\t\t\t\t\tAccesibilidad para Todos\t\t\t\t\t\t<\/span>\n\t\t\t\t\t<\/h4>\n\t\t\t\t\n\t\t\t\t\t\t\t\t\t<p class=\"elementor-icon-box-description\">\n\t\t\t\t\t\tEl yoga es para todos. Nos esforzamos por hacer que nuestros recursos sean accesibles para practicantes de todos los niveles, asegurando que todos puedan beneficiarse del poder transformador del yoga. <span style=\"color: var( --e-global-color-text );font-family: var( --e-global-typography-text-font-family ), Sans-serif;font-size: 1rem;font-weight: var( --e-global-typography-text-font-weight )\"><\/span>\t\t\t\t\t<\/p>\n\t\t\t\t\n\t\t\t<\/div>\n\t\t\t\n\t\t<\/div>\n\t\t\t\t\t\t<\/div>\n\t\t\t\t<\/div>\n\t\t\t\t<div class=\"elementor-element elementor-element-d8de3db elementor-view-default elementor-position-block-start elementor-mobile-position-block-start elementor-widget elementor-widget-icon-box\" data-id=\"d8de3db\" data-element_type=\"widget\" data-e-type=\"widget\" data-widget_type=\"icon-box.default\">\n\t\t\t\t<div class=\"elementor-widget-container\">\n\t\t\t\t\t\t\t<div class=\"elementor-icon-box-wrapper\">\n\n\t\t\t\t\t\t<div class=\"elementor-icon-box-icon\">\n\t\t\t\t<span  class=\"elementor-icon\">\n\t\t\t\t<svg aria-hidden=\"true\" class=\"e-font-icon-svg e-fas-star\" viewBox=\"0 0 576 512\" xmlns=\"http:\/\/www.w3.org\/2000\/svg\"><path d=\"M259.3 17.8L194 150.2 47.9 171.5c-26.2 3.8-36.7 36.1-17.7 54.6l105.7 103-25 145.5c-4.5 26.3 23.2 46 46.4 33.7L288 439.6l130.7 68.7c23.2 12.2 50.9-7.4 46.4-33.7l-25-145.5 105.7-103c19-18.5 8.5-50.8-17.7-54.6L382 150.2 316.7 17.8c-11.7-23.6-45.6-23.9-57.4 0z\"><\/path><\/svg>\t\t\t\t<\/span>\n\t\t\t<\/div>\n\t\t\t\n\t\t\t\t\t\t<div class=\"elementor-icon-box-content\">\n\n\t\t\t\t\t\t\t\t\t<h4 class=\"elementor-icon-box-title\">\n\t\t\t\t\t\t<span  >\n\t\t\t\t\t\t\tAutenticidad\t\t\t\t\t\t<\/span>\n\t\t\t\t\t<\/h4>\n\t\t\t\t\n\t\t\t\t\t\t\t\t\t<p class=\"elementor-icon-box-description\">\n\t\t\t\t\t\tHonramos las diversas tradiciones y ense\u00f1anzas del yoga, al tiempo que alentamos a todos a mantenerse fieles a s\u00ed mismos y a su propio camino \u00fanico.\t\t\t\t\t<\/p>\n\t\t\t\t\n\t\t\t<\/div>\n\t\t\t\n\t\t<\/div>\n\t\t\t\t\t\t<\/div>\n\t\t\t\t<\/div>\n\t\t\t\t<div class=\"elementor-element elementor-element-3540927 elementor-view-default elementor-position-block-start elementor-mobile-position-block-start elementor-widget elementor-widget-icon-box\" data-id=\"3540927\" data-element_type=\"widget\" data-e-type=\"widget\" data-widget_type=\"icon-box.default\">\n\t\t\t\t<div class=\"elementor-widget-container\">\n\t\t\t\t\t\t\t<div class=\"elementor-icon-box-wrapper\">\n\n\t\t\t\t\t\t<div class=\"elementor-icon-box-icon\">\n\t\t\t\t<span  class=\"elementor-icon\">\n\t\t\t\t<svg aria-hidden=\"true\" class=\"e-font-icon-svg e-fas-star\" viewBox=\"0 0 576 512\" xmlns=\"http:\/\/www.w3.org\/2000\/svg\"><path d=\"M259.3 17.8L194 150.2 47.9 171.5c-26.2 3.8-36.7 36.1-17.7 54.6l105.7 103-25 145.5c-4.5 26.3 23.2 46 46.4 33.7L288 439.6l130.7 68.7c23.2 12.2 50.9-7.4 46.4-33.7l-25-145.5 105.7-103c19-18.5 8.5-50.8-17.7-54.6L382 150.2 316.7 17.8c-11.7-23.6-45.6-23.9-57.4 0z\"><\/path><\/svg>\t\t\t\t<\/span>\n\t\t\t<\/div>\n\t\t\t\n\t\t\t\t\t\t<div class=\"elementor-icon-box-content\">\n\n\t\t\t\t\t\t\t\t\t<h4 class=\"elementor-icon-box-title\">\n\t\t\t\t\t\t<span  >\n\t\t\t\t\t\t\tComunidad y Conexi\u00f3n\t\t\t\t\t\t<\/span>\n\t\t\t\t\t<\/h4>\n\t\t\t\t\n\t\t\t\t\t\t\t\t\t<p class=\"elementor-icon-box-description\">\n\t\t\t\t\t\tCreemos en el poder de la comunidad. Nuestra plataforma est\u00e1 dise\u00f1ada para fomentar conexiones significativas entre los practicantes de yoga, creando un espacio de apoyo e inclusivo donde todos puedan prosperar. <span style=\"color: var( --e-global-color-text );font-family: var( --e-global-typography-text-font-family ), Sans-serif;font-size: 1rem;font-weight: var( --e-global-typography-text-font-weight )\"><\/span>\t\t\t\t\t<\/p>\n\t\t\t\t\n\t\t\t<\/div>\n\t\t\t\n\t\t<\/div>\n\t\t\t\t\t\t<\/div>\n\t\t\t\t<\/div>\n\t\t\t\t<div class=\"elementor-element elementor-element-41afe10 elementor-view-default elementor-position-block-start elementor-mobile-position-block-start elementor-widget elementor-widget-icon-box\" data-id=\"41afe10\" data-element_type=\"widget\" data-e-type=\"widget\" data-widget_type=\"icon-box.default\">\n\t\t\t\t<div class=\"elementor-widget-container\">\n\t\t\t\t\t\t\t<div class=\"elementor-icon-box-wrapper\">\n\n\t\t\t\t\t\t<div class=\"elementor-icon-box-icon\">\n\t\t\t\t<span  class=\"elementor-icon\">\n\t\t\t\t<svg aria-hidden=\"true\" class=\"e-font-icon-svg e-fas-star\" viewBox=\"0 0 576 512\" xmlns=\"http:\/\/www.w3.org\/2000\/svg\"><path d=\"M259.3 17.8L194 150.2 47.9 171.5c-26.2 3.8-36.7 36.1-17.7 54.6l105.7 103-25 145.5c-4.5 26.3 23.2 46 46.4 33.7L288 439.6l130.7 68.7c23.2 12.2 50.9-7.4 46.4-33.7l-25-145.5 105.7-103c19-18.5 8.5-50.8-17.7-54.6L382 150.2 316.7 17.8c-11.7-23.6-45.6-23.9-57.4 0z\"><\/path><\/svg>\t\t\t\t<\/span>\n\t\t\t<\/div>\n\t\t\t\n\t\t\t\t\t\t<div class=\"elementor-icon-box-content\">\n\n\t\t\t\t\t\t\t\t\t<h4 class=\"elementor-icon-box-title\">\n\t\t\t\t\t\t<span  >\n\t\t\t\t\t\t\tEmpoderamiento\t\t\t\t\t\t<\/span>\n\t\t\t\t\t<\/h4>\n\t\t\t\t\n\t\t\t\t\t\t\t\t\t<p class=\"elementor-icon-box-description\">\n\t\t\t\t\t\tEstamos dedicados a empoderar a las personas para que se hagan cargo de su pr\u00e1ctica de yoga, su salud y su bienestar. Proporcionamos las herramientas y los recursos necesarios para ayudar a todos a prosperar y alcanzar su m\u00e1ximo potencial. <span style=\"color: var( --e-global-color-text );font-family: var( --e-global-typography-text-font-family ), Sans-serif;font-size: 1rem;font-weight: var( --e-global-typography-text-font-weight )\"><\/span>\t\t\t\t\t<\/p>\n\t\t\t\t\n\t\t\t<\/div>\n\t\t\t\n\t\t<\/div>\n\t\t\t\t\t\t<\/div>\n\t\t\t\t<\/div>\n\t\t\t\t<div class=\"elementor-element elementor-element-6402d7d elementor-view-default elementor-position-block-start elementor-mobile-position-block-start elementor-widget elementor-widget-icon-box\" data-id=\"6402d7d\" data-element_type=\"widget\" data-e-type=\"widget\" data-widget_type=\"icon-box.default\">\n\t\t\t\t<div class=\"elementor-widget-container\">\n\t\t\t\t\t\t\t<div class=\"elementor-icon-box-wrapper\">\n\n\t\t\t\t\t\t<div class=\"elementor-icon-box-icon\">\n\t\t\t\t<span  class=\"elementor-icon\">\n\t\t\t\t<svg aria-hidden=\"true\" class=\"e-font-icon-svg e-fas-star\" viewBox=\"0 0 576 512\" xmlns=\"http:\/\/www.w3.org\/2000\/svg\"><path d=\"M259.3 17.8L194 150.2 47.9 171.5c-26.2 3.8-36.7 36.1-17.7 54.6l105.7 103-25 145.5c-4.5 26.3 23.2 46 46.4 33.7L288 439.6l130.7 68.7c23.2 12.2 50.9-7.4 46.4-33.7l-25-145.5 105.7-103c19-18.5 8.5-50.8-17.7-54.6L382 150.2 316.7 17.8c-11.7-23.6-45.6-23.9-57.4 0z\"><\/path><\/svg>\t\t\t\t<\/span>\n\t\t\t<\/div>\n\t\t\t\n\t\t\t\t\t\t<div class=\"elementor-icon-box-content\">\n\n\t\t\t\t\t\t\t\t\t<h4 class=\"elementor-icon-box-title\">\n\t\t\t\t\t\t<span  >\n\t\t\t\t\t\t\tTransparencia\t\t\t\t\t\t<\/span>\n\t\t\t\t\t<\/h4>\n\t\t\t\t\n\t\t\t\t\t\t\t\t\t<p class=\"elementor-icon-box-description\">\n\t\t\t\t\t\tCreemos en una comunicaci\u00f3n abierta y honesta. Nuestra plataforma opera con total transparencia, brindando informaci\u00f3n clara y directa a nuestra comunidad. \t\t\t\t\t<\/p>\n\t\t\t\t\n\t\t\t<\/div>\n\t\t\t\n\t\t<\/div>\n\t\t\t\t\t\t<\/div>\n\t\t\t\t<\/div>\n\t\t\t\t<div class=\"elementor-element elementor-element-af7f9d8 elementor-view-default elementor-position-block-start elementor-mobile-position-block-start elementor-widget elementor-widget-icon-box\" data-id=\"af7f9d8\" data-element_type=\"widget\" data-e-type=\"widget\" data-widget_type=\"icon-box.default\">\n\t\t\t\t<div class=\"elementor-widget-container\">\n\t\t\t\t\t\t\t<div class=\"elementor-icon-box-wrapper\">\n\n\t\t\t\t\t\t<div class=\"elementor-icon-box-icon\">\n\t\t\t\t<span  class=\"elementor-icon\">\n\t\t\t\t<svg aria-hidden=\"true\" class=\"e-font-icon-svg e-fas-star\" viewBox=\"0 0 576 512\" xmlns=\"http:\/\/www.w3.org\/2000\/svg\"><path d=\"M259.3 17.8L194 150.2 47.9 171.5c-26.2 3.8-36.7 36.1-17.7 54.6l105.7 103-25 145.5c-4.5 26.3 23.2 46 46.4 33.7L288 439.6l130.7 68.7c23.2 12.2 50.9-7.4 46.4-33.7l-25-145.5 105.7-103c19-18.5 8.5-50.8-17.7-54.6L382 150.2 316.7 17.8c-11.7-23.6-45.6-23.9-57.4 0z\"><\/path><\/svg>\t\t\t\t<\/span>\n\t\t\t<\/div>\n\t\t\t\n\t\t\t\t\t\t<div class=\"elementor-icon-box-content\">\n\n\t\t\t\t\t\t\t\t\t<h4 class=\"elementor-icon-box-title\">\n\t\t\t\t\t\t<span  >\n\t\t\t\t\t\t\tIntegridad\t\t\t\t\t\t<\/span>\n\t\t\t\t\t<\/h4>\n\t\t\t\t\n\t\t\t\t\t\t\t\t\t<p class=\"elementor-icon-box-description\">\n\t\t\t\t\t\tMantenemos los m\u00e1s altos est\u00e1ndares de integridad en todo lo que hacemos. Nuestro compromiso con las pr\u00e1cticas \u00e9ticas garantiza que nuestra comunidad pueda confiar en la calidad y confiabilidad de nuestros recursos. \t\t\t\t\t<\/p>\n\t\t\t\t\n\t\t\t<\/div>\n\t\t\t\n\t\t<\/div>\n\t\t\t\t\t\t<\/div>\n\t\t\t\t<\/div>\n\t\t\t\t\t<\/div>\n\t\t\t\t<\/div>\n\t\t\t\t<\/div>\n\t\t","protected":false},"excerpt":{"rendered":"<p>Nuestro objetivo El prop\u00f3sito de esta plataforma es crear un espacio acogedor donde los practicantes de yoga de todos los niveles puedan acceder a informaci\u00f3n precisa y completa sobre yoga. Busca proporcionar un entorno seguro para que las personas exploren los conceptos del yoga, los integren en sus vidas diarias y se conecten profundamente con [&hellip;]<\/p>\n","protected":false},"author":1,"featured_media":0,"parent":0,"menu_order":0,"comment_status":"closed","ping_status":"closed","template":"elementor_header_footer","meta":{"_acf_changed":false,"pmpro_default_level":"","footnotes":""},"class_list":["post-2706","page","type-page","status-publish","hentry","pmpro-has-access"],"acf":[],"yoast_head":"<!-- This site is optimized with the Yoast SEO plugin v27.3 - https:\/\/yoast.com\/product\/yoast-seo-wordpress\/ -->\n<title>Acerca de - Aret\u00e9<\/title>\n<meta name=\"robots\" content=\"index, follow, max-snippet:-1, max-image-preview:large, max-video-preview:-1\" \/>\n<link rel=\"canonical\" href=\"https:\/\/aretepractice.com\/es\/acerca-de\/\" \/>\n<meta property=\"og:locale\" content=\"es_ES\" \/>\n<meta property=\"og:type\" content=\"article\" \/>\n<meta property=\"og:title\" content=\"Acerca de - Aret\u00e9\" \/>\n<meta property=\"og:description\" content=\"Nuestro objetivo El prop\u00f3sito de esta plataforma es crear un espacio acogedor donde los practicantes de yoga de todos los niveles puedan acceder a informaci\u00f3n precisa y completa sobre yoga. Busca proporcionar un entorno seguro para que las personas exploren los conceptos del yoga, los integren en sus vidas diarias y se conecten profundamente con [&hellip;]\" \/>\n<meta property=\"og:url\" content=\"https:\/\/aretepractice.com\/es\/acerca-de\/\" \/>\n<meta property=\"og:site_name\" content=\"Aret\u00e9\" \/>\n<meta property=\"article:modified_time\" content=\"2024-12-19T19:05:24+00:00\" \/>\n<meta property=\"og:image\" content=\"https:\/\/aretepractice.com\/wp-content\/uploads\/2024\/05\/Untitled-design-7.webp\" \/>\n\t<meta property=\"og:image:width\" content=\"1080\" \/>\n\t<meta property=\"og:image:height\" content=\"1080\" \/>\n\t<meta property=\"og:image:type\" content=\"image\/webp\" \/>\n<meta name=\"twitter:card\" content=\"summary_large_image\" \/>\n<meta name=\"twitter:label1\" content=\"Tiempo de lectura\" \/>\n\t<meta name=\"twitter:data1\" content=\"2 minutos\" \/>\n<script type=\"application\/ld+json\" class=\"yoast-schema-graph\">{\"@context\":\"https:\\\/\\\/schema.org\",\"@graph\":[{\"@type\":\"WebPage\",\"@id\":\"https:\\\/\\\/aretepractice.com\\\/es\\\/acerca-de\\\/\",\"url\":\"https:\\\/\\\/aretepractice.com\\\/es\\\/acerca-de\\\/\",\"name\":\"Acerca de - Aret\u00e9\",\"isPartOf\":{\"@id\":\"https:\\\/\\\/aretepractice.com\\\/es\\\/#website\"},\"primaryImageOfPage\":{\"@id\":\"https:\\\/\\\/aretepractice.com\\\/es\\\/acerca-de\\\/#primaryimage\"},\"image\":{\"@id\":\"https:\\\/\\\/aretepractice.com\\\/es\\\/acerca-de\\\/#primaryimage\"},\"thumbnailUrl\":\"https:\\\/\\\/aretepractice.com\\\/wp-content\\\/uploads\\\/2024\\\/05\\\/Untitled-design-7-1024x1024.webp\",\"datePublished\":\"2024-05-10T17:49:39+00:00\",\"dateModified\":\"2024-12-19T19:05:24+00:00\",\"breadcrumb\":{\"@id\":\"https:\\\/\\\/aretepractice.com\\\/es\\\/acerca-de\\\/#breadcrumb\"},\"inLanguage\":\"es\",\"potentialAction\":[{\"@type\":\"ReadAction\",\"target\":[\"https:\\\/\\\/aretepractice.com\\\/es\\\/acerca-de\\\/\"]}]},{\"@type\":\"ImageObject\",\"inLanguage\":\"es\",\"@id\":\"https:\\\/\\\/aretepractice.com\\\/es\\\/acerca-de\\\/#primaryimage\",\"url\":\"https:\\\/\\\/aretepractice.com\\\/wp-content\\\/uploads\\\/2024\\\/05\\\/Untitled-design-7-1024x1024.webp\",\"contentUrl\":\"https:\\\/\\\/aretepractice.com\\\/wp-content\\\/uploads\\\/2024\\\/05\\\/Untitled-design-7-1024x1024.webp\"},{\"@type\":\"BreadcrumbList\",\"@id\":\"https:\\\/\\\/aretepractice.com\\\/es\\\/acerca-de\\\/#breadcrumb\",\"itemListElement\":[{\"@type\":\"ListItem\",\"position\":1,\"name\":\"Inicio\",\"item\":\"https:\\\/\\\/aretepractice.com\\\/es\\\/inicio\\\/\"},{\"@type\":\"ListItem\",\"position\":2,\"name\":\"Acerca de\"}]},{\"@type\":\"WebSite\",\"@id\":\"https:\\\/\\\/aretepractice.com\\\/es\\\/#website\",\"url\":\"https:\\\/\\\/aretepractice.com\\\/es\\\/\",\"name\":\"Aret\u00e9\",\"description\":\"Pr\u00e1ctica, Sabidur\u00eda, Comunidad\",\"publisher\":{\"@id\":\"https:\\\/\\\/aretepractice.com\\\/es\\\/#organization\"},\"potentialAction\":[{\"@type\":\"SearchAction\",\"target\":{\"@type\":\"EntryPoint\",\"urlTemplate\":\"https:\\\/\\\/aretepractice.com\\\/es\\\/?s={search_term_string}\"},\"query-input\":{\"@type\":\"PropertyValueSpecification\",\"valueRequired\":true,\"valueName\":\"search_term_string\"}}],\"inLanguage\":\"es\"},{\"@type\":\"Organization\",\"@id\":\"https:\\\/\\\/aretepractice.com\\\/es\\\/#organization\",\"name\":\"Aret\u00e9\",\"url\":\"https:\\\/\\\/aretepractice.com\\\/es\\\/\",\"logo\":{\"@type\":\"ImageObject\",\"inLanguage\":\"es\",\"@id\":\"https:\\\/\\\/aretepractice.com\\\/es\\\/#\\\/schema\\\/logo\\\/image\\\/\",\"url\":\"https:\\\/\\\/aretepractice.com\\\/wp-content\\\/uploads\\\/2024\\\/05\\\/Arete-Logo-2-1.webp\",\"contentUrl\":\"https:\\\/\\\/aretepractice.com\\\/wp-content\\\/uploads\\\/2024\\\/05\\\/Arete-Logo-2-1.webp\",\"width\":350,\"height\":250,\"caption\":\"Aret\u00e9\"},\"image\":{\"@id\":\"https:\\\/\\\/aretepractice.com\\\/es\\\/#\\\/schema\\\/logo\\\/image\\\/\"}}]}<\/script>\n<!-- \/ Yoast SEO plugin. -->","yoast_head_json":{"title":"Acerca de - Aret\u00e9","robots":{"index":"index","follow":"follow","max-snippet":"max-snippet:-1","max-image-preview":"max-image-preview:large","max-video-preview":"max-video-preview:-1"},"canonical":"https:\/\/aretepractice.com\/es\/acerca-de\/","og_locale":"es_ES","og_type":"article","og_title":"Acerca de - Aret\u00e9","og_description":"Nuestro objetivo El prop\u00f3sito de esta plataforma es crear un espacio acogedor donde los practicantes de yoga de todos los niveles puedan acceder a informaci\u00f3n precisa y completa sobre yoga. Busca proporcionar un entorno seguro para que las personas exploren los conceptos del yoga, los integren en sus vidas diarias y se conecten profundamente con [&hellip;]","og_url":"https:\/\/aretepractice.com\/es\/acerca-de\/","og_site_name":"Aret\u00e9","article_modified_time":"2024-12-19T19:05:24+00:00","og_image":[{"width":1080,"height":1080,"url":"https:\/\/aretepractice.com\/wp-content\/uploads\/2024\/05\/Untitled-design-7.webp","type":"image\/webp"}],"twitter_card":"summary_large_image","twitter_misc":{"Tiempo de lectura":"2 minutos"},"schema":{"@context":"https:\/\/schema.org","@graph":[{"@type":"WebPage","@id":"https:\/\/aretepractice.com\/es\/acerca-de\/","url":"https:\/\/aretepractice.com\/es\/acerca-de\/","name":"Acerca de - Aret\u00e9","isPartOf":{"@id":"https:\/\/aretepractice.com\/es\/#website"},"primaryImageOfPage":{"@id":"https:\/\/aretepractice.com\/es\/acerca-de\/#primaryimage"},"image":{"@id":"https:\/\/aretepractice.com\/es\/acerca-de\/#primaryimage"},"thumbnailUrl":"https:\/\/aretepractice.com\/wp-content\/uploads\/2024\/05\/Untitled-design-7-1024x1024.webp","datePublished":"2024-05-10T17:49:39+00:00","dateModified":"2024-12-19T19:05:24+00:00","breadcrumb":{"@id":"https:\/\/aretepractice.com\/es\/acerca-de\/#breadcrumb"},"inLanguage":"es","potentialAction":[{"@type":"ReadAction","target":["https:\/\/aretepractice.com\/es\/acerca-de\/"]}]},{"@type":"ImageObject","inLanguage":"es","@id":"https:\/\/aretepractice.com\/es\/acerca-de\/#primaryimage","url":"https:\/\/aretepractice.com\/wp-content\/uploads\/2024\/05\/Untitled-design-7-1024x1024.webp","contentUrl":"https:\/\/aretepractice.com\/wp-content\/uploads\/2024\/05\/Untitled-design-7-1024x1024.webp"},{"@type":"BreadcrumbList","@id":"https:\/\/aretepractice.com\/es\/acerca-de\/#breadcrumb","itemListElement":[{"@type":"ListItem","position":1,"name":"Inicio","item":"https:\/\/aretepractice.com\/es\/inicio\/"},{"@type":"ListItem","position":2,"name":"Acerca de"}]},{"@type":"WebSite","@id":"https:\/\/aretepractice.com\/es\/#website","url":"https:\/\/aretepractice.com\/es\/","name":"Aret\u00e9","description":"Pr\u00e1ctica, Sabidur\u00eda, Comunidad","publisher":{"@id":"https:\/\/aretepractice.com\/es\/#organization"},"potentialAction":[{"@type":"SearchAction","target":{"@type":"EntryPoint","urlTemplate":"https:\/\/aretepractice.com\/es\/?s={search_term_string}"},"query-input":{"@type":"PropertyValueSpecification","valueRequired":true,"valueName":"search_term_string"}}],"inLanguage":"es"},{"@type":"Organization","@id":"https:\/\/aretepractice.com\/es\/#organization","name":"Aret\u00e9","url":"https:\/\/aretepractice.com\/es\/","logo":{"@type":"ImageObject","inLanguage":"es","@id":"https:\/\/aretepractice.com\/es\/#\/schema\/logo\/image\/","url":"https:\/\/aretepractice.com\/wp-content\/uploads\/2024\/05\/Arete-Logo-2-1.webp","contentUrl":"https:\/\/aretepractice.com\/wp-content\/uploads\/2024\/05\/Arete-Logo-2-1.webp","width":350,"height":250,"caption":"Aret\u00e9"},"image":{"@id":"https:\/\/aretepractice.com\/es\/#\/schema\/logo\/image\/"}}]}},"_links":{"self":[{"href":"https:\/\/aretepractice.com\/es\/wp-json\/wp\/v2\/pages\/2706","targetHints":{"allow":["GET"]}}],"collection":[{"href":"https:\/\/aretepractice.com\/es\/wp-json\/wp\/v2\/pages"}],"about":[{"href":"https:\/\/aretepractice.com\/es\/wp-json\/wp\/v2\/types\/page"}],"author":[{"embeddable":true,"href":"https:\/\/aretepractice.com\/es\/wp-json\/wp\/v2\/users\/1"}],"replies":[{"embeddable":true,"href":"https:\/\/aretepractice.com\/es\/wp-json\/wp\/v2\/comments?post=2706"}],"version-history":[{"count":3,"href":"https:\/\/aretepractice.com\/es\/wp-json\/wp\/v2\/pages\/2706\/revisions"}],"predecessor-version":[{"id":4427,"href":"https:\/\/aretepractice.com\/es\/wp-json\/wp\/v2\/pages\/2706\/revisions\/4427"}],"wp:attachment":[{"href":"https:\/\/aretepractice.com\/es\/wp-json\/wp\/v2\/media?parent=2706"}],"curies":[{"name":"wp","href":"https:\/\/api.w.org\/{rel}","templated":true}]}}