{"id":2693,"date":"2024-07-17T23:10:54","date_gmt":"2024-07-17T23:10:54","guid":{"rendered":"https:\/\/aretepractice.com\/iniciar-sesion-2\/"},"modified":"2024-09-27T20:32:30","modified_gmt":"2024-09-27T20:32:30","slug":"iniciar-sesion-2","status":"publish","type":"page","link":"https:\/\/aretepractice.com\/es\/iniciar-sesion-2\/","title":{"rendered":"Iniciar sesi\u00f3n"},"content":{"rendered":"\t\t<div data-elementor-type=\"wp-page\" data-elementor-id=\"2693\" class=\"elementor elementor-2693\" data-elementor-post-type=\"page\">\n\t\t\t\t<div class=\"elementor-element elementor-element-fe295a4 e-flex e-con-boxed e-con e-parent\" data-id=\"fe295a4\" data-element_type=\"container\" data-e-type=\"container\">\n\t\t\t\t\t<div class=\"e-con-inner\">\n\t\t<div class=\"elementor-element elementor-element-6756120 e-con-full e-flex e-con e-child\" data-id=\"6756120\" data-element_type=\"container\" data-e-type=\"container\">\n\t\t\t\t<div class=\"elementor-element elementor-element-e7b598f elementor-widget elementor-widget-heading\" data-id=\"e7b598f\" data-element_type=\"widget\" data-e-type=\"widget\" data-widget_type=\"heading.default\">\n\t\t\t\t<div class=\"elementor-widget-container\">\n\t\t\t\t\t<h2 class=\"elementor-heading-title elementor-size-default\">Acceder a tu cuenta<\/h2>\t\t\t\t<\/div>\n\t\t\t\t<\/div>\n\t\t\t\t<div class=\"elementor-element elementor-element-2536a14 elementor-widget elementor-widget-text-editor\" data-id=\"2536a14\" data-element_type=\"widget\" data-e-type=\"widget\" data-widget_type=\"text-editor.default\">\n\t\t\t\t<div class=\"elementor-widget-container\">\n\t\t\t\t\t\t\t\t\t<p>\u00a1C\u00e9ntrate!<br \/>\nReg\u00edstrate para explorar nuevos caminos en tu viaje de yoga. <\/p>\n\t\t\t\t\t\t\t\t<\/div>\n\t\t\t\t<\/div>\n\t\t\t\t<\/div>\n\t\t<div class=\"elementor-element elementor-element-85b4848 e-con-full e-flex e-con e-child\" data-id=\"85b4848\" data-element_type=\"container\" data-e-type=\"container\">\n\t\t\t\t<div class=\"elementor-element elementor-element-4ed53bd elementor-widget__width-initial elementor-widget elementor-widget-image\" data-id=\"4ed53bd\" data-element_type=\"widget\" data-e-type=\"widget\" data-widget_type=\"image.default\">\n\t\t\t\t<div class=\"elementor-widget-container\">\n\t\t\t\t\t\t\t\t\t\t\t\t\t\t\t<img fetchpriority=\"high\" decoding=\"async\" width=\"800\" height=\"800\" src=\"https:\/\/aretepractice.com\/wp-content\/uploads\/2024\/08\/Pran-Bandha-Mantra-Meditation-Featured-Image-1024x1024.webp\" class=\"attachment-large size-large wp-image-2543\" alt=\"\" srcset=\"https:\/\/aretepractice.com\/wp-content\/uploads\/2024\/08\/Pran-Bandha-Mantra-Meditation-Featured-Image-1024x1024.webp 1024w, https:\/\/aretepractice.com\/wp-content\/uploads\/2024\/08\/Pran-Bandha-Mantra-Meditation-Featured-Image-300x300.webp 300w, https:\/\/aretepractice.com\/wp-content\/uploads\/2024\/08\/Pran-Bandha-Mantra-Meditation-Featured-Image-100x100.webp 100w, https:\/\/aretepractice.com\/wp-content\/uploads\/2024\/08\/Pran-Bandha-Mantra-Meditation-Featured-Image-600x600.webp 600w, https:\/\/aretepractice.com\/wp-content\/uploads\/2024\/08\/Pran-Bandha-Mantra-Meditation-Featured-Image-150x150.webp 150w, https:\/\/aretepractice.com\/wp-content\/uploads\/2024\/08\/Pran-Bandha-Mantra-Meditation-Featured-Image-768x768.webp 768w, https:\/\/aretepractice.com\/wp-content\/uploads\/2024\/08\/Pran-Bandha-Mantra-Meditation-Featured-Image.webp 1080w\" sizes=\"(max-width: 800px) 100vw, 800px\" \/>\t\t\t\t\t\t\t\t\t\t\t\t\t\t\t<\/div>\n\t\t\t\t<\/div>\n\t\t\t\t<\/div>\n\t\t\t\t\t<\/div>\n\t\t\t\t<\/div>\n\t\t<div class=\"elementor-element elementor-element-6622ac1 e-flex e-con-boxed e-con e-parent\" data-id=\"6622ac1\" data-element_type=\"container\" data-e-type=\"container\">\n\t\t\t\t\t<div class=\"e-con-inner\">\n\t\t\t\t<div class=\"elementor-element elementor-element-5f8b91c elementor-widget elementor-widget-login\" data-id=\"5f8b91c\" data-element_type=\"widget\" data-e-type=\"widget\" data-widget_type=\"login.default\">\n\t\t\t\t<div class=\"elementor-widget-container\">\n\t\t\t\t\t\t\t<form class=\"elementor-login elementor-form\" method=\"post\" action=\"https:\/\/aretepractice.com\/es\/login\/\" aria-label=\"Fromulario de login\">\n\t\t\t<input type=\"hidden\" name=\"redirect_to\" value=\"\/es\/wp-json\/wp\/v2\/pages\/2693\">\n\t\t\t<div class=\"elementor-form-fields-wrapper\">\n\t\t\t\t<div class=\"elementor-field-type-text elementor-field-group elementor-column elementor-col-100 elementor-field-required\">\n\t\t\t\t\t<label for=\"user-5f8b91c\" class=\"elementor-field-label\">Nombre de usuario o direcci\u00f3n de correo electr\u00f3nico<\/label>\n\t\t\t\t\t<input size=\"1\" type=\"text\" name=\"log\" id=\"user-5f8b91c\" placeholder=\"\" class=\"elementor-field elementor-field-textual elementor-size-sm\">\n\t\t\t\t<\/div>\n\t\t\t\t<div class=\"elementor-field-type-text elementor-field-group elementor-column elementor-col-100 elementor-field-required\">\n\t\t\t\t\t<label for=\"password-5f8b91c\" class=\"elementor-field-label\">Contrase\u00f1a<\/label>\n\t\t\t\t\t<input size=\"1\" type=\"password\" name=\"pwd\" id=\"password-5f8b91c\" placeholder=\"\" class=\"elementor-field elementor-field-textual elementor-size-sm\">\n\t\t\t\t<\/div>\n\n\t\t\t\t\t\t\t\t\t<div class=\"elementor-field-type-checkbox elementor-field-group elementor-column elementor-col-100 elementor-remember-me\">\n\t\t\t\t\t\t<label for=\"elementor-login-remember-me\">\n\t\t\t\t\t\t\t<input type=\"checkbox\" id=\"elementor-login-remember-me\" name=\"rememberme\" value=\"forever\">\n\t\t\t\t\t\t\tRecu\u00e9rdame\t\t\t\t\t\t<\/label>\n\t\t\t\t\t<\/div>\n\t\t\t\t\n\t\t\t\t<div class=\"elementor-field-group elementor-column elementor-field-type-submit elementor-col-100\">\n\t\t\t\t\t<button type=\"submit\" class=\"elementor-size-sm elementor-button\" name=\"wp-submit\">\n\t\t\t\t\t\t\t\t\t\t\t\t\t\t\t<span class=\"elementor-button-text\">Iniciar sesi\u00f3n<\/span>\n\t\t\t\t\t\t\t\t\t\t\t\t<\/button>\n\t\t\t\t<\/div>\n\n\t\t\t\t\t\t\t\t\t<div class=\"elementor-field-group elementor-column elementor-col-100\">\n\t\t\t\t\t\t\t\t\t\t\t\t\t\t\t\t\t\t\t\t<a class=\"elementor-lost-password\" href=\"https:\/\/aretepractice.com\/es\/login\/?action=lostpassword&redirect_to=%2Fes%2Fwp-json%2Fwp%2Fv2%2Fpages%2F2693\">\n\t\t\t\t\t\t\t\t\u00bfOlvid\u00f3 su contrase\u00f1a?\t\t\t\t\t\t\t<\/a>\n\t\t\t\t\t\t\n\t\t\t\t\t\t\t\t\t\t\t<\/div>\n\t\t\t\t\t\t\t<\/div>\n\t\t<\/form>\n\t\t\t\t\t\t<\/div>\n\t\t\t\t<\/div>\n\t\t\t\t\t<\/div>\n\t\t\t\t<\/div>\n\t\t\t\t<\/div>\n\t\t","protected":false},"excerpt":{"rendered":"<p>Acceder a tu cuenta \u00a1C\u00e9ntrate! Reg\u00edstrate para explorar nuevos caminos en tu viaje de yoga.<\/p>\n","protected":false},"author":1,"featured_media":0,"parent":0,"menu_order":0,"comment_status":"closed","ping_status":"closed","template":"","meta":{"_acf_changed":false,"pmpro_default_level":"","footnotes":""},"class_list":["post-2693","page","type-page","status-publish","hentry","pmpro-has-access"],"acf":[],"yoast_head":"<!-- This site is optimized with the Yoast SEO plugin v27.3 - https:\/\/yoast.com\/product\/yoast-seo-wordpress\/ -->\n<title>Iniciar sesi\u00f3n - Aret\u00e9<\/title>\n<meta name=\"robots\" content=\"index, follow, max-snippet:-1, max-image-preview:large, max-video-preview:-1\" \/>\n<link rel=\"canonical\" href=\"https:\/\/aretepractice.com\/es\/iniciar-sesion-2\/\" \/>\n<meta property=\"og:locale\" content=\"es_ES\" \/>\n<meta property=\"og:type\" content=\"article\" \/>\n<meta property=\"og:title\" content=\"Iniciar sesi\u00f3n - Aret\u00e9\" \/>\n<meta property=\"og:description\" content=\"Acceder a tu cuenta \u00a1C\u00e9ntrate! Reg\u00edstrate para explorar nuevos caminos en tu viaje de yoga.\" \/>\n<meta property=\"og:url\" content=\"https:\/\/aretepractice.com\/es\/iniciar-sesion-2\/\" \/>\n<meta property=\"og:site_name\" content=\"Aret\u00e9\" \/>\n<meta property=\"article:modified_time\" content=\"2024-09-27T20:32:30+00:00\" \/>\n<meta property=\"og:image\" content=\"https:\/\/aretepractice.com\/wp-content\/uploads\/2024\/08\/Pran-Bandha-Mantra-Meditation-Featured-Image-1024x1024.webp\" \/>\n<meta name=\"twitter:card\" content=\"summary_large_image\" \/>\n<script type=\"application\/ld+json\" class=\"yoast-schema-graph\">{\"@context\":\"https:\\\/\\\/schema.org\",\"@graph\":[{\"@type\":\"WebPage\",\"@id\":\"https:\\\/\\\/aretepractice.com\\\/es\\\/iniciar-sesion-2\\\/\",\"url\":\"https:\\\/\\\/aretepractice.com\\\/es\\\/iniciar-sesion-2\\\/\",\"name\":\"Iniciar sesi\u00f3n - Aret\u00e9\",\"isPartOf\":{\"@id\":\"https:\\\/\\\/aretepractice.com\\\/es\\\/#website\"},\"primaryImageOfPage\":{\"@id\":\"https:\\\/\\\/aretepractice.com\\\/es\\\/iniciar-sesion-2\\\/#primaryimage\"},\"image\":{\"@id\":\"https:\\\/\\\/aretepractice.com\\\/es\\\/iniciar-sesion-2\\\/#primaryimage\"},\"thumbnailUrl\":\"https:\\\/\\\/aretepractice.com\\\/wp-content\\\/uploads\\\/2024\\\/08\\\/Pran-Bandha-Mantra-Meditation-Featured-Image-1024x1024.webp\",\"datePublished\":\"2024-07-17T23:10:54+00:00\",\"dateModified\":\"2024-09-27T20:32:30+00:00\",\"breadcrumb\":{\"@id\":\"https:\\\/\\\/aretepractice.com\\\/es\\\/iniciar-sesion-2\\\/#breadcrumb\"},\"inLanguage\":\"es\",\"potentialAction\":[{\"@type\":\"ReadAction\",\"target\":[\"https:\\\/\\\/aretepractice.com\\\/es\\\/iniciar-sesion-2\\\/\"]}]},{\"@type\":\"ImageObject\",\"inLanguage\":\"es\",\"@id\":\"https:\\\/\\\/aretepractice.com\\\/es\\\/iniciar-sesion-2\\\/#primaryimage\",\"url\":\"https:\\\/\\\/aretepractice.com\\\/wp-content\\\/uploads\\\/2024\\\/08\\\/Pran-Bandha-Mantra-Meditation-Featured-Image-1024x1024.webp\",\"contentUrl\":\"https:\\\/\\\/aretepractice.com\\\/wp-content\\\/uploads\\\/2024\\\/08\\\/Pran-Bandha-Mantra-Meditation-Featured-Image-1024x1024.webp\"},{\"@type\":\"BreadcrumbList\",\"@id\":\"https:\\\/\\\/aretepractice.com\\\/es\\\/iniciar-sesion-2\\\/#breadcrumb\",\"itemListElement\":[{\"@type\":\"ListItem\",\"position\":1,\"name\":\"Inicio\",\"item\":\"https:\\\/\\\/aretepractice.com\\\/es\\\/inicio\\\/\"},{\"@type\":\"ListItem\",\"position\":2,\"name\":\"Iniciar sesi\u00f3n\"}]},{\"@type\":\"WebSite\",\"@id\":\"https:\\\/\\\/aretepractice.com\\\/es\\\/#website\",\"url\":\"https:\\\/\\\/aretepractice.com\\\/es\\\/\",\"name\":\"Aret\u00e9\",\"description\":\"Pr\u00e1ctica, Sabidur\u00eda, Comunidad\",\"publisher\":{\"@id\":\"https:\\\/\\\/aretepractice.com\\\/es\\\/#organization\"},\"potentialAction\":[{\"@type\":\"SearchAction\",\"target\":{\"@type\":\"EntryPoint\",\"urlTemplate\":\"https:\\\/\\\/aretepractice.com\\\/es\\\/?s={search_term_string}\"},\"query-input\":{\"@type\":\"PropertyValueSpecification\",\"valueRequired\":true,\"valueName\":\"search_term_string\"}}],\"inLanguage\":\"es\"},{\"@type\":\"Organization\",\"@id\":\"https:\\\/\\\/aretepractice.com\\\/es\\\/#organization\",\"name\":\"Aret\u00e9\",\"url\":\"https:\\\/\\\/aretepractice.com\\\/es\\\/\",\"logo\":{\"@type\":\"ImageObject\",\"inLanguage\":\"es\",\"@id\":\"https:\\\/\\\/aretepractice.com\\\/es\\\/#\\\/schema\\\/logo\\\/image\\\/\",\"url\":\"https:\\\/\\\/aretepractice.com\\\/wp-content\\\/uploads\\\/2024\\\/05\\\/Arete-Logo-2-1.webp\",\"contentUrl\":\"https:\\\/\\\/aretepractice.com\\\/wp-content\\\/uploads\\\/2024\\\/05\\\/Arete-Logo-2-1.webp\",\"width\":350,\"height\":250,\"caption\":\"Aret\u00e9\"},\"image\":{\"@id\":\"https:\\\/\\\/aretepractice.com\\\/es\\\/#\\\/schema\\\/logo\\\/image\\\/\"}}]}<\/script>\n<!-- \/ Yoast SEO plugin. -->","yoast_head_json":{"title":"Iniciar sesi\u00f3n - Aret\u00e9","robots":{"index":"index","follow":"follow","max-snippet":"max-snippet:-1","max-image-preview":"max-image-preview:large","max-video-preview":"max-video-preview:-1"},"canonical":"https:\/\/aretepractice.com\/es\/iniciar-sesion-2\/","og_locale":"es_ES","og_type":"article","og_title":"Iniciar sesi\u00f3n - Aret\u00e9","og_description":"Acceder a tu cuenta \u00a1C\u00e9ntrate! Reg\u00edstrate para explorar nuevos caminos en tu viaje de yoga.","og_url":"https:\/\/aretepractice.com\/es\/iniciar-sesion-2\/","og_site_name":"Aret\u00e9","article_modified_time":"2024-09-27T20:32:30+00:00","og_image":[{"url":"https:\/\/aretepractice.com\/wp-content\/uploads\/2024\/08\/Pran-Bandha-Mantra-Meditation-Featured-Image-1024x1024.webp","type":"","width":"","height":""}],"twitter_card":"summary_large_image","schema":{"@context":"https:\/\/schema.org","@graph":[{"@type":"WebPage","@id":"https:\/\/aretepractice.com\/es\/iniciar-sesion-2\/","url":"https:\/\/aretepractice.com\/es\/iniciar-sesion-2\/","name":"Iniciar sesi\u00f3n - Aret\u00e9","isPartOf":{"@id":"https:\/\/aretepractice.com\/es\/#website"},"primaryImageOfPage":{"@id":"https:\/\/aretepractice.com\/es\/iniciar-sesion-2\/#primaryimage"},"image":{"@id":"https:\/\/aretepractice.com\/es\/iniciar-sesion-2\/#primaryimage"},"thumbnailUrl":"https:\/\/aretepractice.com\/wp-content\/uploads\/2024\/08\/Pran-Bandha-Mantra-Meditation-Featured-Image-1024x1024.webp","datePublished":"2024-07-17T23:10:54+00:00","dateModified":"2024-09-27T20:32:30+00:00","breadcrumb":{"@id":"https:\/\/aretepractice.com\/es\/iniciar-sesion-2\/#breadcrumb"},"inLanguage":"es","potentialAction":[{"@type":"ReadAction","target":["https:\/\/aretepractice.com\/es\/iniciar-sesion-2\/"]}]},{"@type":"ImageObject","inLanguage":"es","@id":"https:\/\/aretepractice.com\/es\/iniciar-sesion-2\/#primaryimage","url":"https:\/\/aretepractice.com\/wp-content\/uploads\/2024\/08\/Pran-Bandha-Mantra-Meditation-Featured-Image-1024x1024.webp","contentUrl":"https:\/\/aretepractice.com\/wp-content\/uploads\/2024\/08\/Pran-Bandha-Mantra-Meditation-Featured-Image-1024x1024.webp"},{"@type":"BreadcrumbList","@id":"https:\/\/aretepractice.com\/es\/iniciar-sesion-2\/#breadcrumb","itemListElement":[{"@type":"ListItem","position":1,"name":"Inicio","item":"https:\/\/aretepractice.com\/es\/inicio\/"},{"@type":"ListItem","position":2,"name":"Iniciar sesi\u00f3n"}]},{"@type":"WebSite","@id":"https:\/\/aretepractice.com\/es\/#website","url":"https:\/\/aretepractice.com\/es\/","name":"Aret\u00e9","description":"Pr\u00e1ctica, Sabidur\u00eda, Comunidad","publisher":{"@id":"https:\/\/aretepractice.com\/es\/#organization"},"potentialAction":[{"@type":"SearchAction","target":{"@type":"EntryPoint","urlTemplate":"https:\/\/aretepractice.com\/es\/?s={search_term_string}"},"query-input":{"@type":"PropertyValueSpecification","valueRequired":true,"valueName":"search_term_string"}}],"inLanguage":"es"},{"@type":"Organization","@id":"https:\/\/aretepractice.com\/es\/#organization","name":"Aret\u00e9","url":"https:\/\/aretepractice.com\/es\/","logo":{"@type":"ImageObject","inLanguage":"es","@id":"https:\/\/aretepractice.com\/es\/#\/schema\/logo\/image\/","url":"https:\/\/aretepractice.com\/wp-content\/uploads\/2024\/05\/Arete-Logo-2-1.webp","contentUrl":"https:\/\/aretepractice.com\/wp-content\/uploads\/2024\/05\/Arete-Logo-2-1.webp","width":350,"height":250,"caption":"Aret\u00e9"},"image":{"@id":"https:\/\/aretepractice.com\/es\/#\/schema\/logo\/image\/"}}]}},"_links":{"self":[{"href":"https:\/\/aretepractice.com\/es\/wp-json\/wp\/v2\/pages\/2693","targetHints":{"allow":["GET"]}}],"collection":[{"href":"https:\/\/aretepractice.com\/es\/wp-json\/wp\/v2\/pages"}],"about":[{"href":"https:\/\/aretepractice.com\/es\/wp-json\/wp\/v2\/types\/page"}],"author":[{"embeddable":true,"href":"https:\/\/aretepractice.com\/es\/wp-json\/wp\/v2\/users\/1"}],"replies":[{"embeddable":true,"href":"https:\/\/aretepractice.com\/es\/wp-json\/wp\/v2\/comments?post=2693"}],"version-history":[{"count":1,"href":"https:\/\/aretepractice.com\/es\/wp-json\/wp\/v2\/pages\/2693\/revisions"}],"predecessor-version":[{"id":2694,"href":"https:\/\/aretepractice.com\/es\/wp-json\/wp\/v2\/pages\/2693\/revisions\/2694"}],"wp:attachment":[{"href":"https:\/\/aretepractice.com\/es\/wp-json\/wp\/v2\/media?parent=2693"}],"curies":[{"name":"wp","href":"https:\/\/api.w.org\/{rel}","templated":true}]}}